{"id":153,"date":"2022-04-28T16:48:26","date_gmt":"2022-04-28T22:48:26","guid":{"rendered":"https:\/\/biblioteca-infantil.ingsistemascunori.org\/?page_id=153"},"modified":"2023-05-16T01:59:21","modified_gmt":"2023-05-16T07:59:21","slug":"recursos","status":"publish","type":"page","link":"https:\/\/biblioteca-infantil.ingsistemascunori.org\/?page_id=153","title":{"rendered":"Recursos"},"content":{"rendered":"<!-- Added by Post\/Page specific custom CSS plugin, thank you for using! -->\n<style>.attachment-full {\r\ndisplay:none;\r\n}\r\n.pd-text{\r\n margin-bottom: 10px;\r\n}\r\n.mar-top{\r\n margin-top: 25px;\r\n}\r\n\r\n.rt-holder{\r\n\tborder-radius: 25px;\r\n}\r\n\r\n.pagination-list li a:hover{\r\n\tcolor:black !important;\r\n}\r\n.oculto{\r\n\tdisplay:none;\r\n}<\/style>\n\n<p class=\"oculto\">Visita nuestra colecci\u00f3n de documentos digitales a trav\u00e9s del siguiente enlace y podr\u00e1s visualizar o descargar el contenido disponible          .<\/p>\n\n\n\n<div class=\"wp-block-group bordeCurvo has-background\" style=\"background-color:#d13a3a\"><div class=\"wp-block-group__inner-container is-layout-flow wp-block-group-is-layout-flow\">\n<h2 class=\"wp-block-heading pd-text has-white-color has-text-color\">Documentos Digitales<\/h2>\n\n\n\n<hr class=\"wp-block-separator has-text-color has-white-color has-css-opacity has-white-background-color has-background is-style-wide\"\/>\n\n\n\n<p class=\"has-white-color has-text-color\" style=\"font-size:18px;font-style:italic;font-weight:500\">Accede a nuestra colecci\u00f3n de documentos digitales a trav\u00e9s del siguiente enlace y podr\u00e1s visualizar o descargar el contenido disponible, solo presiona la imagen.<\/p>\n\n\n<div class=\"wp-block-image\">\n<figure class=\"aligncenter size-full is-resized\"><a href=\"https:\/\/drive.google.com\/drive\/folders\/1bDSw6tWC053eYlZBcbl0Y_Efpfs2Ywyf?usp=sharing\" target=\"_blank\" rel=\"noreferrer noopener\"><img width=\"131\" height=\"81\" loading=\"lazy\" decoding=\"async\" src=\"https:\/\/res.cloudinary.com\/dgrshymre\/images\/w_131,h_81\/f_auto,q_auto\/v1684223856\/Wordpress\/recursos-removebg-preview\/recursos-removebg-preview.png?_i=AA\" alt=\"\" class=\"wp-post-153 wp-image-1312\" data-public-id=\"Wordpress\/recursos-removebg-preview.png\" data-format=\"png\" data-transformations=\"f_auto,q_auto\" data-version=\"1684223856\" \/><\/a><\/figure>\n<\/div><\/div><\/div>\n\n\n\n<div class=\"wp-block-group bordeCurvo mar-top has-background\" style=\"background-color:#d13a3a\"><div class=\"wp-block-group__inner-container is-layout-flow wp-block-group-is-layout-flow\">\n<h2 class=\"wp-block-heading pd-text has-white-color has-text-color\">Recientes<\/h2>\n\n\n\n<hr class=\"wp-block-separator has-text-color has-white-color has-css-opacity has-white-background-color has-background is-style-wide\"\/>\n\n\n<style type='text\/css' media='all'>#rt-tpg-container-1197615628 .rt-holder .rt-woo-info .price{color:#0367bf;}body .rt-tpg-container .rt-tpg-isotope-buttons .selected, \r\n\t\t\t\t\t\t#rt-tpg-container-1197615628 .layout12 .rt-holder:hover .rt-detail, \r\n\t\t\t\t\t\t#rt-tpg-container-1197615628 .isotope8 .rt-holder:hover .rt-detail, \r\n\t\t\t\t\t\t#rt-tpg-container-1197615628 .carousel8 .rt-holder:hover .rt-detail,\r\n\t\t\t\t        #rt-tpg-container-1197615628 .layout13 .rt-holder .overlay .post-info, \r\n\t\t\t\t        #rt-tpg-container-1197615628 .isotope9 .rt-holder .overlay .post-info, \r\n\t\t\t\t        #rt-tpg-container-1197615628.rt-tpg-container .layout4 .rt-holder .rt-detail,\r\n\t\t\t\t        .rt-modal-1197615628 .md-content, \r\n\t\t\t\t        .rt-modal-1197615628 .md-content > .rt-md-content-holder .rt-md-content, \r\n\t\t\t\t        .rt-popup-wrap-1197615628.rt-popup-wrap .rt-popup-navigation-wrap, \r\n\t\t\t\t        #rt-tpg-container-1197615628 .carousel9 .rt-holder .overlay .post-info{background-color:#0367bf;}#rt-tpg-container-1197615628 .layout5 .rt-holder .overlay, #rt-tpg-container-1197615628 .isotope2 .rt-holder .overlay, #rt-tpg-container-1197615628 .carousel2 .rt-holder .overlay,#rt-tpg-container-1197615628 .layout15 .rt-holder h3, #rt-tpg-container-1197615628 .isotope11 .rt-holder h3, #rt-tpg-container-1197615628 .carousel11 .rt-holder h3, #rt-tpg-container-1197615628 .layout16 .rt-holder h3,\r\n\t\t\t\t\t#rt-tpg-container-1197615628 .isotope12 .rt-holder h3, #rt-tpg-container-1197615628 .carousel12 .rt-holder h3 {background-color:rgba(3,103,191,0.8);}#rt-tpg-container-1197615628 .pagination-list li a,\r\n\t\t\t\t            rt-tpg-container-1197615628 .pagination-list li span, \r\n\t\t\t\t            rt-tpg-container-1197615628 .pagination li a,\r\n\t\t\t\t\t\t\t#rt-tpg-container-1197615628 .rt-tpg-isotope-buttons button, \r\n\t\t\t\t\t\t\t#rt-tpg-container-1197615628 .rt-tpg-utility .rt-tpg-load-more button,\r\n\t\t\t\t\t\t\t#rt-tpg-container-1197615628.rt-tpg-container .swiper-navigation .slider-btn,\r\n\t\t\t\t\t\t\t#rt-tpg-container-1197615628.rt-tpg-container .swiper-pagination-bullet,\r\n\t\t\t\t\t\t\t#rt-tpg-container-1197615628 .wc1 .rt-holder .rt-img-holder .overlay .product-more ul li a,\r\n\t\t\t\t\t\t\t#rt-tpg-container-1197615628 .wc2 .rt-detail .rt-wc-add-to-cart,\r\n\t\t\t\t\t\t\t#rt-tpg-container-1197615628 .wc3 .rt-detail .rt-wc-add-to-cart,\r\n\t\t\t\t\t\t\t#rt-tpg-container-1197615628 .wc4 .rt-detail .rt-wc-add-to-cart,\r\n\t\t\t\t\t\t\t#rt-tpg-container-1197615628 .wc-carousel2 .rt-detail .rt-wc-add-to-cart,\r\n\t\t\t\t\t\t\t#rt-tpg-container-1197615628 .wc-isotope2 .rt-detail .rt-wc-add-to-cart,\r\n\t\t\t\t\t\t\t#rt-tpg-container-1197615628 .rt-layout-filter-container .rt-filter-wrap .rt-filter-item-wrap.rt-filter-dropdown-wrap .rt-filter-dropdown,\r\n\t\t\t\t\t\t\t#rt-tpg-container-1197615628 .rt-layout-filter-container .rt-filter-sub-tax.sub-button-group .rt-filter-button-item,\r\n\t\t\t\t\t\t\t#rt-tpg-container-1197615628.rt-tpg-container .rt-pagination-wrap .rt-page-numbers .paginationjs .paginationjs-pages ul li>a,\r\n\t\t\t\t\t\t\t#rt-tpg-container-1197615628 .rt-filter-item-wrap.rt-filter-button-wrap span.rt-filter-button-item,\r\n\t\t\t\t\t\t\t#rt-tpg-container-1197615628.rt-tpg-container .rt-pagination-wrap  .rt-loadmore-btn,\r\n\t\t\t\t\t\t\t#rt-tpg-container-1197615628.rt-tpg-container .rt-pagination-wrap .rt-cb-page-prev-next > *,\r\n\t\t\t\t\t\t\t#rt-tpg-container-1197615628 .rt-read-more,\r\n\t\t\t\t\t\t\t#rt-tooltip-1197615628, #rt-tooltip-1197615628 .rt-tooltip-bottom:after{background-color:#3980bf;}#rt-tpg-container-1197615628 .rt-filter-item-wrap.rt-filter-button-wrap span.rt-filter-button-item,\r\n\t\t\t\t\t\t#rt-tpg-container-1197615628 .rt-layout-filter-container .rt-filter-sub-tax.sub-button-group .rt-filter-button-item{border-color:#3980bf;}#rt-tpg-container-1197615628.rt-tpg-container .layout17 .rt-holder .overlay a.tpg-zoom .fa{color:#3980bf;}#rt-tpg-container-1197615628 .rt-holder .read-more a {background-color:#3980bf;padding: 8px 15px;}#rt-tpg-container-1197615628 .pagination-list li a:hover,\r\n                        #rt-tpg-container-1197615628 .pagination li a:hover,\r\n\t\t\t\t\t\t#rt-tpg-container-1197615628 .rt-tpg-isotope-buttons button:hover,\r\n\t\t\t\t\t\t#rt-tpg-container-1197615628 .rt-holder .read-more a:hover,\r\n\t\t\t\t\t\t#rt-tpg-container-1197615628 .rt-tpg-utility .rt-tpg-load-more button:hover,\r\n\t\t\t\t\t\t#rt-tpg-container-1197615628.rt-tpg-container .swiper-pagination-bullet:hover,\r\n\t\t\t\t\t\t#rt-tpg-container-1197615628.rt-tpg-container .swiper-navigation .slider-btn:hover,\r\n\t\t\t\t\t\t#rt-tpg-container-1197615628 .wc1 .rt-holder .rt-img-holder .overlay .product-more ul li a:hover,\r\n\t\t\t\t\t\t#rt-tpg-container-1197615628 .wc2 .rt-detail .rt-wc-add-to-cart:hover,\r\n\t\t\t\t\t\t#rt-tpg-container-1197615628 .wc3 .rt-detail .rt-wc-add-to-cart:hover,\r\n\t\t\t\t\t\t#rt-tpg-container-1197615628 .wc4 .rt-detail .rt-wc-add-to-cart:hover,\r\n\t\t\t\t\t\t#rt-tpg-container-1197615628 .wc-carousel2 .rt-detail .rt-wc-add-to-cart:hover,\r\n\t\t\t\t\t\t#rt-tpg-container-1197615628 .wc-isotope2 .rt-detail .rt-wc-add-to-cart:hover,\r\n\t\t\t\t\t\t#rt-tpg-container-1197615628 .rt-layout-filter-container .rt-filter-wrap .rt-filter-item-wrap.rt-filter-dropdown-wrap .rt-filter-dropdown .rt-filter-dropdown-item:hover,\r\n\t\t\t\t\t\t#rt-tpg-container-1197615628 .rt-layout-filter-container .rt-filter-wrap .rt-filter-item-wrap.rt-filter-dropdown-wrap .rt-filter-dropdown .rt-filter-dropdown-item.selected,\r\n\t\t\t\t\t\t#rt-tpg-container-1197615628 .rt-filter-item-wrap.rt-filter-button-wrap span.rt-filter-button-item:hover,\r\n\t\t\t\t\t\t#rt-tpg-container-1197615628 .rt-layout-filter-container .rt-filter-sub-tax.sub-button-group .rt-filter-button-item:hover,\r\n\t\t\t\t\t\t#rt-tpg-container-1197615628.rt-tpg-container .rt-pagination-wrap .rt-page-numbers .paginationjs .paginationjs-pages ul li>a:hover,\r\n\t\t\t\t\t\t#rt-tpg-container-1197615628.rt-tpg-container .rt-pagination-wrap .rt-cb-page-prev-next > *:hover,\r\n\t\t\t\t\t\t#rt-tpg-container-1197615628.rt-tpg-container .rt-pagination-wrap  .rt-loadmore-btn:hover,\r\n\t\t\t\t\t\t#rt-tpg-container-1197615628 .rt-read-more:hover,\r\n\t\t\t\t\t\t#rt-tpg-container-1197615628 .rt-tpg-utility .rt-tpg-load-more button:hover{background-color:#ffffff;}#rt-tpg-container-1197615628 .rt-filter-item-wrap.rt-filter-button-wrap span.rt-filter-button-item:hover,\r\n\t\t\t\t\t\t#rt-tpg-container-1197615628 .rt-layout-filter-container .rt-filter-sub-tax.sub-button-group .rt-filter-button-item:hover,\r\n\t\t\t\t\t\t#rt-tpg-container-1197615628.rt-tpg-container .swiper-navigation .slider-btn:hover,\r\n\t\t\t\t\t\t#rt-tpg-container-1197615628.rt-tpg-container .rt-pagination-wrap .rt-page-numbers .paginationjs .paginationjs-pages ul li>a:hover{border-color:#ffffff;}#rt-tpg-container-1197615628.rt-tpg-container .layout17 .rt-holder .overlay a.tpg-zoom:hover .fa{color:#ffffff;}#rt-tpg-container-1197615628 .pagination-list li a,\r\n                #rt-tpg-container-1197615628 .pagination li a,\r\n\t\t\t\t#rt-tpg-container-1197615628 .rt-tpg-isotope-buttons button,\r\n\t\t\t\t#rt-tpg-container-1197615628 .rt-holder .read-more a,\r\n\t\t\t\t#rt-tpg-container-1197615628 .rt-tpg-utility .rt-tpg-load-more button,\r\n\t\t\t\t#rt-tpg-container-1197615628.rt-tpg-container .swiper-navigation .slider-btn,\r\n\t\t\t\t#rt-tpg-container-1197615628 .wc1 .rt-holder .rt-img-holder .overlay .product-more ul li a,\r\n\t\t\t\t#rt-tpg-container-1197615628 .edd1 .rt-holder .rt-img-holder .overlay .product-more ul li a,\r\n\t\t\t\t#rt-tpg-container-1197615628 .wc2 .rt-detail .rt-wc-add-to-cart,\r\n\t\t\t\t#rt-tpg-container-1197615628 .wc3 .rt-detail .rt-wc-add-to-cart,\r\n\t\t\t\t#rt-tpg-container-1197615628 .edd2 .rt-detail .rt-wc-add-to-cart,\r\n\t\t\t\t#rt-tpg-container-1197615628 .wc4 .rt-detail .rt-wc-add-to-cart,\r\n\t\t\t\t#rt-tpg-container-1197615628 .edd3 .rt-detail .rt-wc-add-to-cart,\r\n\t\t\t\t#rt-tpg-container-1197615628 .wc-carousel2 .rt-detail .rt-wc-add-to-cart,\r\n\t\t\t\t#rt-tpg-container-1197615628 .wc-isotope2 .rt-detail .rt-wc-add-to-cart,\r\n\t\t\t\t#rt-tpg-container-1197615628 .rt-tpg-utility .rt-tpg-load-more button,\r\n\t\t\t\t#rt-tooltip-1197615628, \r\n\t\t\t\t#rt-tpg-container-1197615628 .rt-filter-item-wrap.rt-filter-button-wrap span.rt-filter-button-item,\r\n\t\t\t\t#rt-tpg-container-1197615628 .rt-layout-filter-container .rt-filter-sub-tax.sub-button-group .rt-filter-button-item,\r\n\t\t\t\t#rt-tpg-container-1197615628 .rt-layout-filter-container .rt-filter-wrap .rt-filter-item-wrap.rt-sort-order-action,\r\n\t\t\t\t#rt-tpg-container-1197615628 .rt-layout-filter-container .rt-filter-wrap .rt-filter-item-wrap.rt-filter-dropdown-wrap .rt-filter-dropdown .rt-filter-dropdown-item,\r\n\t\t\t\t#rt-tpg-container-1197615628.rt-tpg-container .rt-pagination-wrap .rt-page-numbers .paginationjs .paginationjs-pages ul li>a,\r\n\t\t\t\t#rt-tpg-container-1197615628.rt-tpg-container .rt-pagination-wrap .rt-cb-page-prev-next > *,\r\n\t\t\t\t#rt-tpg-container-1197615628.rt-tpg-container .rt-pagination-wrap  .rt-loadmore-btn,\r\n\t\t\t\t#rt-tpg-container-1197615628 .rt-read-more,\r\n\t\t\t\t#rt-tooltip-1197615628 .rt-tooltip-bottom:after{color:#ffffff;}#rt-tpg-container-1197615628 .rt-filter-item-wrap.rt-filter-button-wrap span.rt-filter-button-item:hover,\r\n                        #rt-tpg-container-1197615628 .rt-holder .read-more a:hover,\r\n                        #rt-tpg-container-1197615628.rt-tpg-container .swiper-navigation .slider-btn:hover,\r\n\t\t\t\t\t\t#rt-tpg-container-1197615628 .rt-layout-filter-container .rt-filter-sub-tax.sub-button-group .rt-filter-button-item:hover,\r\n\t\t\t\t\t\t#rt-tpg-container-1197615628 .rt-layout-filter-container .rt-filter-wrap .rt-filter-item-wrap.rt-filter-dropdown-wrap .rt-filter-dropdown .rt-filter-dropdown-item:hover,\r\n\t\t\t\t\t\t#rt-tpg-container-1197615628 .rt-layout-filter-container .rt-filter-wrap .rt-filter-item-wrap.rt-filter-dropdown-wrap .rt-filter-dropdown .rt-filter-dropdown-item.selected,\r\n\t\t\t\t\t\t#rt-tpg-container-1197615628 .rt-layout-filter-container .rt-filter-wrap .rt-filter-item-wrap.rt-sort-order-action:hover,\r\n\t\t\t\t\t\t#rt-tpg-container-1197615628.rt-tpg-container .rt-pagination-wrap .rt-page-numbers .paginationjs .paginationjs-pages ul li.active>a:hover,\r\n\t\t\t\t\t\t#rt-tpg-container-1197615628 .rt-filter-item-wrap.rt-filter-button-wrap span.rt-filter-button-item.selected,\r\n\t\t\t\t\t\t#rt-tpg-container-1197615628 .rt-layout-filter-container .rt-filter-wrap .rt-filter-item-wrap.rt-sort-order-action,\r\n\t\t\t\t\t\t#rt-tpg-container-1197615628.rt-tpg-container .rt-pagination-wrap  .rt-loadmore-btn:hover,\r\n\t\t\t\t\t\t#rt-tpg-container-1197615628 .rt-read-more:hover,\r\n\t\t\t\t\t\t#rt-tpg-container-1197615628.rt-tpg-container .rt-pagination-wrap .rt-page-numbers .paginationjs .paginationjs-pages ul li.active>a{color:#1e73be;}#rt-tpg-container-1197615628 .read-more a{border-radius:px;}#rt-tpg-container-1197615628 .tpg-widget-heading-wrapper.heading-style1 .tpg-widget-heading, #rt-tpg-container-1197615628 .tpg-widget-heading-wrapper.heading-style1 .tpg-widget-heading a, #rt-tpg-container-1197615628 .tpg-widget-heading-wrapper.heading-style2 .tpg-widget-heading, #rt-tpg-container-1197615628 .tpg-widget-heading-wrapper.heading-style2 .tpg-widget-heading a, #rt-tpg-container-1197615628 .tpg-widget-heading-wrapper.heading-style3 .tpg-widget-heading, #rt-tpg-container-1197615628 .tpg-widget-heading-wrapper.heading-style3 .tpg-widget-heading a  {color:#0a0a0a;}#rt-tpg-container-1197615628 .tpg-widget-heading-wrapper.heading-style1 .tpg-widget-heading::before  {background-color:#0a0a0a;}#rt-tpg-container-1197615628 .rt-img-holder img.rt-img-responsive,#rt-tpg-container-1197615628 .rt-img-holder,\r\n\t\t\t\t#rt-tpg-container-1197615628 .rt-post-overlay .post-img,\r\n\t\t\t\t#rt-tpg-container-1197615628 .post-sm .post-img,\r\n\t\t\t\t#rt-tpg-container-1197615628 .rt-post-grid .post-img,\r\n\t\t\t\t#rt-tpg-container-1197615628 .post-img img {border-radius:px;}#rt-tpg-container-1197615628 .layout12 .rt-holder h2.entry-title,\r\n                #rt-tpg-container-1197615628 .layout12 .rt-holder h3.entry-title,\r\n                #rt-tpg-container-1197615628 .layout12 .rt-holder h4.entry-title,\r\n                #rt-tpg-container-1197615628 .layout12 .rt-holder h2.entry-title a,\r\n                #rt-tpg-container-1197615628 .layout12 .rt-holder h3.entry-title a,\r\n                #rt-tpg-container-1197615628 .layout12 .rt-holder h4.entry-title a,\r\n                #rt-tpg-container-1197615628 .rt-holder .rt-woo-info h2 a,\r\n                #rt-tpg-container-1197615628 .rt-holder .rt-woo-info h3 a,\r\n                #rt-tpg-container-1197615628 .rt-holder .rt-woo-info h4 a,\r\n                #rt-tpg-container-1197615628 .post-content .post-title,\r\n                #rt-tpg-container-1197615628 .rt-post-grid .post-title,\r\n                #rt-tpg-container-1197615628 .rt-post-grid .post-title a,\r\n                #rt-tpg-container-1197615628 .post-content .post-title a,\r\n                #rt-tpg-container-1197615628 .rt-holder .rt-woo-info h2,\r\n                #rt-tpg-container-1197615628 .rt-holder .rt-woo-info h3,\r\n                #rt-tpg-container-1197615628 .rt-holder .rt-woo-info h4{color:#0a0a0a;}#rt-tpg-container-1197615628 .layout12 .rt-holder .tpg-excerpt,#rt-tpg-container-1197615628 .layout12 .tpg-excerpt,#rt-tpg-container-1197615628 .layout12 .rt-holder .post-content,#rt-tpg-container-1197615628 .rt-holder .rt-woo-info p,#rt-tpg-container-1197615628 .post-content p {color:#0a0a0a;}#rt-tpg-container-1197615628 .layout12 .rt-holder .post-meta-user,\r\n\t\t\t\t\t\t#rt-tpg-container-1197615628 .layout12 .rt-meta,\r\n\t\t\t\t\t\t#rt-tpg-container-1197615628 .layout12 .rt-meta a,\r\n\t\t\t\t\t\t#rt-tpg-container-1197615628 .layout12 .rt-holder .post-meta-user .meta-data,\r\n\t\t\t\t\t\t#rt-tpg-container-1197615628 .layout12 .rt-holder .post-meta-user a,\r\n\t\t\t\t\t\t#rt-tpg-container-1197615628 .layout12 .rt-holder .rt-detail .post-meta .rt-tpg-social-share,\r\n\t\t\t\t\t\t#rt-tpg-container-1197615628 .rt-post-overlay .post-meta-user span,\r\n\t\t\t\t\t\t#rt-tpg-container-1197615628 .rt-post-overlay .post-meta-user,\r\n\t\t\t\t\t\t#rt-tpg-container-1197615628 .rt-post-overlay .post-meta-user a,\r\n\t\t\t\t\t\t#rt-tpg-container-1197615628 .rt-post-grid .post-meta-user,\r\n\t\t\t\t\t\t#rt-tpg-container-1197615628 .rt-post-grid .post-meta-user a,\r\n\t\t\t\t\t\t#rt-tpg-container-1197615628 .rt-post-box-media-style .post-meta-user,\r\n\t\t\t\t\t\t#rt-tpg-container-1197615628 .rt-post-box-media-style .post-meta-user a,\r\n\t\t\t\t\t\t#rt-tpg-container-1197615628 .layout12 .post-meta-user i,\r\n\t\t\t\t\t\t#rt-tpg-container-1197615628 .rt-detail .post-meta-category a,\r\n\t\t\t\t\t\t#rt-tpg-container-1197615628 .layout12 .post-meta-user a\r\n\t\t\t\t\t\t#rt-tpg-container-1197615628 .layout12 .post-meta-user a {color:#0a0a0a;}<\/style><div class='rt-container-fluid rt-tpg-container bordeCurvo' id='rt-tpg-container-1197615628'   data-layout='layout12' data-grid-style='even' data-desktop-col='1'  data-tab-col='1'  data-mobile-col='1' data-sc-id='952'><div data-title='Loading ...' class='rt-row rt-content-loader layout12 tpg-even '><p>No post found<\/p><\/div><\/div>\n<\/div><\/div>\n","protected":false},"excerpt":{"rendered":"<p>Visita nuestra colecci\u00f3n de documentos digitales a trav\u00e9s del siguiente enlace y podr\u00e1s visualizar o descargar el contenido disponible . Documentos Digitales Accede a nuestra colecci\u00f3n de documentos digitales a trav\u00e9s del siguiente enlace y podr\u00e1s visualizar o descargar el contenido disponible, solo presiona la imagen. Recientes<\/p>\n","protected":false},"author":2,"featured_media":1292,"parent":0,"menu_order":0,"comment_status":"closed","ping_status":"closed","template":"","meta":{"_cloudinary_featured_overwrite":false,"footnotes":""},"class_list":["post-153","page","type-page","status-publish","has-post-thumbnail","hentry"],"_links":{"self":[{"href":"https:\/\/biblioteca-infantil.ingsistemascunori.org\/index.php?rest_route=\/wp\/v2\/pages\/153","targetHints":{"allow":["GET"]}}],"collection":[{"href":"https:\/\/biblioteca-infantil.ingsistemascunori.org\/index.php?rest_route=\/wp\/v2\/pages"}],"about":[{"href":"https:\/\/biblioteca-infantil.ingsistemascunori.org\/index.php?rest_route=\/wp\/v2\/types\/page"}],"author":[{"embeddable":true,"href":"https:\/\/biblioteca-infantil.ingsistemascunori.org\/index.php?rest_route=\/wp\/v2\/users\/2"}],"replies":[{"embeddable":true,"href":"https:\/\/biblioteca-infantil.ingsistemascunori.org\/index.php?rest_route=%2Fwp%2Fv2%2Fcomments&post=153"}],"version-history":[{"count":28,"href":"https:\/\/biblioteca-infantil.ingsistemascunori.org\/index.php?rest_route=\/wp\/v2\/pages\/153\/revisions"}],"predecessor-version":[{"id":1315,"href":"https:\/\/biblioteca-infantil.ingsistemascunori.org\/index.php?rest_route=\/wp\/v2\/pages\/153\/revisions\/1315"}],"wp:featuredmedia":[{"embeddable":true,"href":"https:\/\/biblioteca-infantil.ingsistemascunori.org\/index.php?rest_route=\/wp\/v2\/media\/1292"}],"wp:attachment":[{"href":"https:\/\/biblioteca-infantil.ingsistemascunori.org\/index.php?rest_route=%2Fwp%2Fv2%2Fmedia&parent=153"}],"curies":[{"name":"wp","href":"https:\/\/api.w.org\/{rel}","templated":true}]}}