{"id":184,"date":"2022-04-28T17:26:44","date_gmt":"2022-04-28T23:26:44","guid":{"rendered":"https:\/\/biblioteca-infantil.ingsistemascunori.org\/?page_id=184"},"modified":"2022-05-16T15:04:46","modified_gmt":"2022-05-16T21:04:46","slug":"contacto","status":"publish","type":"page","link":"https:\/\/biblioteca-infantil.ingsistemascunori.org\/?page_id=184","title":{"rendered":"Contacto"},"content":{"rendered":"<!-- Added by Post\/Page specific custom CSS plugin, thank you for using! -->\n<style>.wp-post-image{\r\ndisplay:none;\r\n}\r\n\r\n.colorOne{\r\n\tborder-color: #000000;\r\n\tcolor: #000000;\r\n}\r\n\r\n.margen-top{\r\n\tmargin-top:5px;\r\n}\r\n\r\n.icon-container{\r\n\t  width: 100px;\r\n    height: 100px;\r\n    margin: 0 auto;\r\n    line-height: 100px;\r\n    font-size: 30px;\r\n    border-radius: 50px;\r\n\t  border: 3px solid;\r\n    text-align: center;\r\n    position: relative;\r\n}\r\n\r\n.mail-color a{\r\n\tcolor:black !important;\r\n}\r\n\r\n.mail-color{\r\n\t\tmargin-top:-25px !important;\r\n}\r\n\r\n.size-desc{\r\n\theight:100px;\r\n}\r\n\r\n.size-box-margin{\r\n\tmargin-top: 25px;\r\n\theight: 700px;\r\n}\r\n\r\n.margin-top-bottom{\r\n\tmargin-top:0px;\r\n\tmargin-bottom:0px;\r\n}\r\n\r\n.invisible{\r\n\tdisplay:none;\r\n}<\/style>\n\n<div class=\"wp-block-columns is-layout-flex wp-container-core-columns-is-layout-9d6595d7 wp-block-columns-is-layout-flex\">\n<div class=\"wp-block-column is-layout-flow wp-block-column-is-layout-flow\">\n<p class=\"invisible\"><strong>Ponte en contacto con nosotros a trav\u00e9s de los siguientes medios<\/strong> <strong>o visita nuestros perfiles en las siguientes redes sociales<\/strong>.<\/p>\n\n\n\n<h2 class=\"margin-top-bottom wp-block-heading\">Informaci\u00f3n de contacto<\/h2>\n<\/div>\n<\/div>\n\n\n\n<div class=\"wp-block-columns alignwide is-layout-flex wp-container-core-columns-is-layout-9d6595d7 wp-block-columns-is-layout-flex\">\n<div class=\"wp-block-column bordeCurvo size-box-margin has-text-color has-background has-link-color wp-elements-f2f8c0545d1d2baa05535abb23657501 is-layout-flow wp-block-column-is-layout-flow\" style=\"background-color:#d1d1e1;color:#000000;padding-top:2em;padding-right:2em;padding-bottom:2em;padding-left:2em\">\n<div class=\"icon-container colorOne\"><i class=\"fa fa-phone-alt\"><\/i><\/div>\n\n\n\n<h2 class=\"has-text-align-center margen-top wp-block-heading\" style=\"font-size:40px\"><strong>Cont\u00e1ctanos<\/strong><\/h2>\n\n\n\n<p class=\"has-text-align-center size-desc has-normal-font-size\" style=\"line-height:1.5\"><strong>Ponte en contacto en con nosotros a trav\u00e9s de los siguientes medios.<\/strong><\/p>\n\n\n\n<hr class=\"wp-block-separator has-text-color has-background is-style-wide\" style=\"background-color:#070707;color:#070707\"\/>\n\n\n\n<ul class=\"wp-block-social-links aligncenter is-style-pill-shape is-horizontal is-content-justification-center is-layout-flex wp-container-core-social-links-is-layout-499968f5 wp-block-social-links-is-layout-flex\"><li class=\"wp-social-link wp-social-link-mail  wp-block-social-link\"><a rel=\"noopener nofollow\" target=\"_blank\" href=\"mailto:bibliotecainfantil.cunori.gt@gmail.com\" class=\"wp-block-social-link-anchor\"><svg width=\"24\" height=\"24\" viewBox=\"0 0 24 24\" version=\"1.1\" xmlns=\"http:\/\/www.w3.org\/2000\/svg\" aria-hidden=\"true\" focusable=\"false\"><path d=\"M19,5H5c-1.1,0-2,.9-2,2v10c0,1.1.9,2,2,2h14c1.1,0,2-.9,2-2V7c0-1.1-.9-2-2-2zm.5,12c0,.3-.2.5-.5.5H5c-.3,0-.5-.2-.5-.5V9.8l7.5,5.6,7.5-5.6V17zm0-9.1L12,13.6,4.5,7.9V7c0-.3.2-.5.5-.5h14c.3,0,.5.2.5.5v.9z\"><\/path><\/svg><span class=\"wp-block-social-link-label screen-reader-text\">Mail<\/span><\/a><\/li><\/ul>\n\n\n\n<p class=\"has-text-align-center margen-top mail-color has-black-color has-text-color has-regular-font-size\"><strong><a href=\"mailto:bibliotecainfantil.cunori.gt@gmail.com\">bibliotecainfantil.cunori.gt@gmail.com<\/a><\/strong><\/p>\n\n\n\n<ul class=\"wp-container-4 wp-block-social-links aligncenter is-style-pill-shape\"><li class=\"wp-social-link wp-social-link-mail wp-block-social-link\"><a href=\"#\" class=\"wp-block-social-link-anchor\"> <svg fill=\"#000000\" xmlns=\"http:\/\/www.w3.org\/2000\/svg\" viewBox=\"0 0 50 50\" width=\"50px\" height=\"50px\"><path d=\"M 14 3.9902344 C 8.4886661 3.9902344 4 8.4789008 4 13.990234 L 4 35.990234 C 4 41.501568 8.4886661 45.990234 14 45.990234 L 36 45.990234 C 41.511334 45.990234 46 41.501568 46 35.990234 L 46 13.990234 C 46 8.4789008 41.511334 3.9902344 36 3.9902344 L 14 3.9902344 z M 18.005859 12.033203 C 18.633859 12.060203 19.210594 12.414031 19.558594 12.957031 C 19.954594 13.575031 20.569141 14.534156 21.369141 15.785156 C 22.099141 16.926156 22.150047 18.399844 21.498047 19.589844 L 20.033203 21.673828 C 19.637203 22.237828 19.558219 22.959703 19.824219 23.595703 C 20.238219 24.585703 21.040797 26.107203 22.466797 27.533203 C 23.892797 28.959203 25.414297 29.761781 26.404297 30.175781 C 27.040297 30.441781 27.762172 30.362797 28.326172 29.966797 L 30.410156 28.501953 C 31.600156 27.849953 33.073844 27.901859 34.214844 28.630859 C 35.465844 29.430859 36.424969 30.045406 37.042969 30.441406 C 37.585969 30.789406 37.939797 31.366141 37.966797 31.994141 C 38.120797 35.558141 35.359641 37.001953 34.556641 37.001953 C 34.000641 37.001953 27.316344 37.761656 19.777344 30.222656 C 12.238344 22.683656 12.998047 15.999359 12.998047 15.443359 C 12.998047 14.640359 14.441859 11.879203 18.005859 12.033203 z\"><\/path><\/svg><\/a><\/li><\/ul>\n\n\n\n<p class=\"has-text-align-center mail-color has-black-color has-text-color has-regular-font-size\" style=\"font-style:normal;font-weight:700\">(+502) 4842-1406<\/p>\n\n\n\n<div class=\"wp-block-buttons alignfull is-horizontal is-content-justification-center is-layout-flex wp-container-core-buttons-is-layout-499968f5 wp-block-buttons-is-layout-flex\"><\/div>\n<\/div>\n\n\n\n<div class=\"wp-block-column bordeCurvo size-box-margin has-text-color has-background has-link-color wp-elements-0b9be0883fd66cea751ea903783eeace is-layout-flow wp-block-column-is-layout-flow\" style=\"background-color:#ffe97d;color:#000000;padding-top:2em;padding-right:2em;padding-bottom:2em;padding-left:2em\">\n<div class=\"icon-container colorOne\"><i class=\"fa fa-rss-square\"><\/i><\/div>\n\n\n\n<h2 class=\"has-text-align-center margen-top wp-block-heading\"><strong>Redes Sociales<\/strong><\/h2>\n\n\n\n<p class=\"has-text-align-center size-desc has-normal-font-size\" style=\"line-height:1.5\"><strong>Visita nuestros perfiles en las siguientes redes sociales<\/strong>.<\/p>\n\n\n\n<hr class=\"wp-block-separator has-text-color has-background is-style-wide\" style=\"background-color:#000000;color:#000000\"\/>\n\n\n\n<ul class=\"wp-block-social-links is-style-pill-shape is-horizontal is-content-justification-center is-layout-flex wp-container-core-social-links-is-layout-5f1ce0a9 wp-block-social-links-is-layout-flex\"><li class=\"wp-social-link wp-social-link-facebook  wp-block-social-link\"><a rel=\"noopener nofollow\" target=\"_blank\" href=\"https:\/\/facebook.com\/Biblioteca-Infantil-Cunori-572663433084793\/\" class=\"wp-block-social-link-anchor\"><svg width=\"24\" height=\"24\" viewBox=\"0 0 24 24\" version=\"1.1\" xmlns=\"http:\/\/www.w3.org\/2000\/svg\" aria-hidden=\"true\" focusable=\"false\"><path d=\"M12 2C6.5 2 2 6.5 2 12c0 5 3.7 9.1 8.4 9.9v-7H7.9V12h2.5V9.8c0-2.5 1.5-3.9 3.8-3.9 1.1 0 2.2.2 2.2.2v2.5h-1.3c-1.2 0-1.6.8-1.6 1.6V12h2.8l-.4 2.9h-2.3v7C18.3 21.1 22 17 22 12c0-5.5-4.5-10-10-10z\"><\/path><\/svg><span class=\"wp-block-social-link-label screen-reader-text\">Facebook<\/span><\/a><\/li>\n\n<li class=\"wp-social-link wp-social-link-instagram  wp-block-social-link\"><a rel=\"noopener nofollow\" target=\"_blank\" href=\"https:\/\/instagram.com\/bibliotecagt_cunori\/\" class=\"wp-block-social-link-anchor\"><svg width=\"24\" height=\"24\" viewBox=\"0 0 24 24\" version=\"1.1\" xmlns=\"http:\/\/www.w3.org\/2000\/svg\" aria-hidden=\"true\" focusable=\"false\"><path d=\"M12,4.622c2.403,0,2.688,0.009,3.637,0.052c0.877,0.04,1.354,0.187,1.671,0.31c0.42,0.163,0.72,0.358,1.035,0.673 c0.315,0.315,0.51,0.615,0.673,1.035c0.123,0.317,0.27,0.794,0.31,1.671c0.043,0.949,0.052,1.234,0.052,3.637 s-0.009,2.688-0.052,3.637c-0.04,0.877-0.187,1.354-0.31,1.671c-0.163,0.42-0.358,0.72-0.673,1.035 c-0.315,0.315-0.615,0.51-1.035,0.673c-0.317,0.123-0.794,0.27-1.671,0.31c-0.949,0.043-1.233,0.052-3.637,0.052 s-2.688-0.009-3.637-0.052c-0.877-0.04-1.354-0.187-1.671-0.31c-0.42-0.163-0.72-0.358-1.035-0.673 c-0.315-0.315-0.51-0.615-0.673-1.035c-0.123-0.317-0.27-0.794-0.31-1.671C4.631,14.688,4.622,14.403,4.622,12 s0.009-2.688,0.052-3.637c0.04-0.877,0.187-1.354,0.31-1.671c0.163-0.42,0.358-0.72,0.673-1.035 c0.315-0.315,0.615-0.51,1.035-0.673c0.317-0.123,0.794-0.27,1.671-0.31C9.312,4.631,9.597,4.622,12,4.622 M12,3 C9.556,3,9.249,3.01,8.289,3.054C7.331,3.098,6.677,3.25,6.105,3.472C5.513,3.702,5.011,4.01,4.511,4.511 c-0.5,0.5-0.808,1.002-1.038,1.594C3.25,6.677,3.098,7.331,3.054,8.289C3.01,9.249,3,9.556,3,12c0,2.444,0.01,2.751,0.054,3.711 c0.044,0.958,0.196,1.612,0.418,2.185c0.23,0.592,0.538,1.094,1.038,1.594c0.5,0.5,1.002,0.808,1.594,1.038 c0.572,0.222,1.227,0.375,2.185,0.418C9.249,20.99,9.556,21,12,21s2.751-0.01,3.711-0.054c0.958-0.044,1.612-0.196,2.185-0.418 c0.592-0.23,1.094-0.538,1.594-1.038c0.5-0.5,0.808-1.002,1.038-1.594c0.222-0.572,0.375-1.227,0.418-2.185 C20.99,14.751,21,14.444,21,12s-0.01-2.751-0.054-3.711c-0.044-0.958-0.196-1.612-0.418-2.185c-0.23-0.592-0.538-1.094-1.038-1.594 c-0.5-0.5-1.002-0.808-1.594-1.038c-0.572-0.222-1.227-0.375-2.185-0.418C14.751,3.01,14.444,3,12,3L12,3z M12,7.378 c-2.552,0-4.622,2.069-4.622,4.622S9.448,16.622,12,16.622s4.622-2.069,4.622-4.622S14.552,7.378,12,7.378z M12,15 c-1.657,0-3-1.343-3-3s1.343-3,3-3s3,1.343,3,3S13.657,15,12,15z M16.804,6.116c-0.596,0-1.08,0.484-1.08,1.08 s0.484,1.08,1.08,1.08c0.596,0,1.08-0.484,1.08-1.08S17.401,6.116,16.804,6.116z\"><\/path><\/svg><span class=\"wp-block-social-link-label screen-reader-text\">Instagram<\/span><\/a><\/li><\/ul>\n\n\n\n<div class=\"wp-block-buttons alignfull is-horizontal is-content-justification-center is-layout-flex wp-container-core-buttons-is-layout-499968f5 wp-block-buttons-is-layout-flex\"><\/div>\n<\/div>\n\n\n\n<div class=\"wp-block-column bordeCurvo size-box-margin has-text-color has-background has-link-color wp-elements-d190409dfdda0d8c589cd29aa6a24aa2 is-layout-flow wp-block-column-is-layout-flow\" style=\"background-color:#c0ebf1;color:#000000;padding-top:2em;padding-right:2em;padding-bottom:2em;padding-left:2em\">\n<div class=\"icon-container colorOne\"><i class=\"fa fa-map-marked-alt\"><\/i><\/div>\n\n\n\n<h2 class=\"has-text-align-center margen-top wp-block-heading\" id=\"patron\" style=\"font-size:40px\"><strong>Direcci\u00f3n<\/strong> <\/h2>\n\n\n\n<p class=\"has-text-align-center size-desc has-normal-font-size\"><strong>Vis\u00edtanos en nuestras instalaciones, nos encontramos ubicados en Finca El Zapotillo Zona 5, 20001 Chiquimula, Guatemala.<\/strong><\/p>\n\n\n\n<div class=\"wp-block-group\"><div class=\"wp-block-group__inner-container is-layout-flow wp-block-group-is-layout-flow\">\n<hr class=\"wp-block-separator has-text-color has-background has-grey-background-color has-grey-color is-style-wide\"\/>\n<\/div><\/div>\n\n\n\n<ul class=\"wp-container-4 wp-block-social-links aligncenter is-style-pill-shape\"><li class=\"wp-social-link wp-social-link-mail wp-block-social-link\"><a href=\"https:\/\/goo.gl\/maps\/V51kZ76nFbovzYHs8\" aria-label=\"Mail: mailto:bibliotecainfantil.cunori.gt@gmail.com\" rel=\"noopener nofollow\" target=\"_blank\" class=\"wp-block-social-link-anchor\"> <svg fill=\"#000000\" xmlns=\"http:\/\/www.w3.org\/2000\/svg\" viewBox=\"0 0 30 30\" width=\"30px\" height=\"30px\">    <path d=\"M 22.5 1 C 20.205167 1 18.188218 2.199104 17.03125 4 L 6 4 C 4.895 4 4 4.895 4 6 L 4 24 C 4 24.178 4.0312187 24.346719 4.0742188 24.511719 L 17.060547 11.525391 C 17.367993 12.158787 17.711699 12.761454 18.064453 13.349609 L 16.414062 15 L 25.925781 24.511719 C 25.968781 24.346719 26 24.178 26 24 L 26 14.929688 C 26.150262 14.677052 26.302642 14.42312 26.457031 14.169922 C 27.649031 12.214922 29 10 29 7.5 C 29 3.916 26.084 1 22.5 1 z M 22.5 3 C 24.985 3 27 5.015 27 7.5 C 27 8.7647357 26.495722 10.009796 25.849609 11.222656 C 25.576646 11.734614 25.286561 12.243492 24.984375 12.742188 C 24.961257 12.780333 24.939145 12.819363 24.916016 12.857422 C 24.893877 12.893856 24.87369 12.928489 24.851562 12.964844 C 24.590882 13.393047 24.335344 13.816123 24.09375 14.232422 C 23.876765 14.606669 23.666653 14.980298 23.490234 15.34375 C 23.374003 15.582967 23.271776 15.818618 23.181641 16.052734 C 23.157929 16.114385 23.138795 16.175045 23.117188 16.236328 C 23.052253 16.420336 22.998792 16.602619 22.955078 16.783203 C 22.938216 16.852949 22.921558 16.922969 22.908203 16.992188 C 22.862715 17.227531 22.830078 17.460441 22.830078 17.689453 C 22.830078 17.858453 22.668 17.984375 22.5 17.984375 C 22.332 17.984375 22.193359 17.835969 22.193359 17.667969 C 22.19329 17.461781 22.168866 17.250683 22.130859 17.039062 C 22.118148 16.968099 22.096625 16.895774 22.080078 16.824219 C 22.049675 16.693133 22.016874 16.562701 21.974609 16.429688 C 21.943274 16.330799 21.908348 16.230784 21.871094 16.130859 C 21.825088 16.007743 21.774779 15.884405 21.720703 15.759766 C 21.678434 15.662152 21.636509 15.563366 21.589844 15.464844 C 21.553909 15.389111 21.512887 15.312583 21.474609 15.236328 C 21.345622 14.978958 21.197053 14.714234 21.046875 14.451172 C 20.892536 14.181183 20.735915 13.908328 20.568359 13.632812 C 20.29458 13.182251 20.019032 12.723499 19.742188 12.259766 C 19.303046 11.524378 18.885931 10.777542 18.570312 10.015625 C 18.568957 10.012356 18.567759 10.009129 18.566406 10.005859 C 18.482236 9.8023533 18.406399 9.5975813 18.337891 9.3925781 C 18.337491 9.3913808 18.33829 9.3898692 18.337891 9.3886719 C 18.271812 9.1906392 18.212422 8.992261 18.164062 8.7929688 C 18.144311 8.7103752 18.131588 8.627719 18.115234 8.5449219 C 18.089106 8.4148671 18.061947 8.2848149 18.044922 8.1542969 C 18.017173 7.9370607 18 7.7184005 18 7.5 C 18 7.2215179 18.033594 6.9520026 18.082031 6.6875 C 18.09127 6.6380794 18.098504 6.5878776 18.109375 6.5390625 C 18.159022 6.3115827 18.229868 6.0921001 18.3125 5.8789062 C 18.348354 5.788272 18.386206 5.6989549 18.427734 5.6113281 C 18.498742 5.458596 18.580907 5.3127754 18.667969 5.1699219 C 18.757403 5.025741 18.854338 4.8868318 18.958984 4.7539062 C 18.993687 4.7092353 19.03008 4.6663527 19.066406 4.6230469 C 19.253102 4.4030754 19.459169 4.1994142 19.683594 4.0175781 C 19.690412 4.0120539 19.696275 4.0054865 19.703125 4 C 20.473102 3.3837673 21.437248 3 22.5 3 z M 10.082031 6 C 11.140031 6 12.103078 6.4034531 12.830078 7.0644531 L 11.681641 8.2128906 C 11.250641 7.8438906 10.692031 7.6191406 10.082031 7.6191406 C 8.7220313 7.6191406 7.6210938 8.7200781 7.6210938 10.080078 C 7.6210938 11.439078 8.7220313 12.542969 10.082031 12.542969 C 11.223031 12.542969 12.014688 11.866875 12.304688 10.921875 L 10.082031 10.921875 L 10.082031 9.3613281 L 13.929688 9.3671875 C 14.263687 10.958187 13.506031 14.160156 10.082031 14.160156 C 7.8270312 14.160156 6 12.334078 6 10.080078 C 6 7.8260781 7.8270312 6 10.082031 6 z M 22.5 6 A 1.5 1.5 0 0 0 21 7.5 A 1.5 1.5 0 0 0 22.5 9 A 1.5 1.5 0 0 0 24 7.5 A 1.5 1.5 0 0 0 22.5 6 z M 15 16.414062 L 5.4882812 25.925781 C 5.6532813 25.968781 5.822 26 6 26 L 24 26 C 24.178 26 24.346719 25.968781 24.511719 25.925781 L 15 16.414062 z\"><\/path><\/svg><\/a><\/li><\/ul>\n\n\n\n<iframe src=\"https:\/\/www.google.com\/maps\/embed?pb=!1m18!1m12!1m3!1d810.9213123836498!2d-89.53218979238773!3d14.80202879608762!2m3!1f0!2f0!3f0!3m2!1i1024!2i768!4f13.1!3m3!1m2!1s0x8f623060ec5f18c3%3A0xb66014a06bf0573a!2sCentro%20Universitario%20De%20Oriente%20-CUNORI-USAC-!5e0!3m2!1ses!2sgt!4v1651453783531!5m2!1ses!2sgt\" width=\"600\" height=\"150\" style=\"border:0;\" allowfullscreen=\"\" loading=\"lazy\" referrerpolicy=\"no-referrer-when-downgrade\"><\/iframe>\n\n\n\n<div class=\"wp-block-buttons alignfull is-horizontal is-content-justification-center is-layout-flex wp-container-core-buttons-is-layout-499968f5 wp-block-buttons-is-layout-flex\"><\/div>\n<\/div>\n<\/div>\n","protected":false},"excerpt":{"rendered":"<p>Ponte en contacto con nosotros a trav\u00e9s de los siguientes medios o visita nuestros perfiles en las siguientes redes sociales. Informaci\u00f3n de contacto Cont\u00e1ctanos Ponte en contacto en con nosotros a trav\u00e9s de los siguientes medios. bibliotecainfantil.cunori.gt@gmail.com (+502) 4842-1406 Redes Sociales Visita nuestros perfiles en las siguientes redes sociales. Direcci\u00f3n Vis\u00edtanos en nuestras instalaciones, nos&#8230;<\/p>\n","protected":false},"author":2,"featured_media":1292,"parent":0,"menu_order":0,"comment_status":"closed","ping_status":"closed","template":"","meta":{"_cloudinary_featured_overwrite":false,"footnotes":""},"class_list":["post-184","page","type-page","status-publish","has-post-thumbnail","hentry"],"_links":{"self":[{"href":"https:\/\/biblioteca-infantil.ingsistemascunori.org\/index.php?rest_route=\/wp\/v2\/pages\/184","targetHints":{"allow":["GET"]}}],"collection":[{"href":"https:\/\/biblioteca-infantil.ingsistemascunori.org\/index.php?rest_route=\/wp\/v2\/pages"}],"about":[{"href":"https:\/\/biblioteca-infantil.ingsistemascunori.org\/index.php?rest_route=\/wp\/v2\/types\/page"}],"author":[{"embeddable":true,"href":"https:\/\/biblioteca-infantil.ingsistemascunori.org\/index.php?rest_route=\/wp\/v2\/users\/2"}],"replies":[{"embeddable":true,"href":"https:\/\/biblioteca-infantil.ingsistemascunori.org\/index.php?rest_route=%2Fwp%2Fv2%2Fcomments&post=184"}],"version-history":[{"count":107,"href":"https:\/\/biblioteca-infantil.ingsistemascunori.org\/index.php?rest_route=\/wp\/v2\/pages\/184\/revisions"}],"predecessor-version":[{"id":1083,"href":"https:\/\/biblioteca-infantil.ingsistemascunori.org\/index.php?rest_route=\/wp\/v2\/pages\/184\/revisions\/1083"}],"wp:featuredmedia":[{"embeddable":true,"href":"https:\/\/biblioteca-infantil.ingsistemascunori.org\/index.php?rest_route=\/wp\/v2\/media\/1292"}],"wp:attachment":[{"href":"https:\/\/biblioteca-infantil.ingsistemascunori.org\/index.php?rest_route=%2Fwp%2Fv2%2Fmedia&parent=184"}],"curies":[{"name":"wp","href":"https:\/\/api.w.org\/{rel}","templated":true}]}}