{"id":7,"date":"2022-04-27T17:29:59","date_gmt":"2022-04-27T23:29:59","guid":{"rendered":"https:\/\/biblioteca-infantil.ingsistemascunori.org\/?page_id=7"},"modified":"2022-05-16T15:03:30","modified_gmt":"2022-05-16T21:03:30","slug":"acerca-de-nosotros","status":"publish","type":"page","link":"https:\/\/biblioteca-infantil.ingsistemascunori.org\/?page_id=7","title":{"rendered":"Acerca de nosotros"},"content":{"rendered":"<!-- Added by Post\/Page specific custom CSS plugin, thank you for using! -->\n<style>.attachment-full {\r\ndisplay:none;\r\n}\r\n.pd-text{\r\n margin-bottom: 10px;\r\n}\r\n.mar-top{\r\n margin-top: 25px;\r\n}\r\n.oculto{\r\n\tdisplay: none;\r\n}<\/style>\n\n<p class=\"oculto\">Somos una biblioteca infantil comprometida con la sociedad guatemalteca a trav\u00e9s de pol\u00edtica de Extensi\u00f3n del Centro Universitario de Oriente<\/p>\n\n\n\n<div class=\"wp-block-group bordeCurvo has-background\" style=\"background-color:#d13a3a\"><div class=\"wp-block-group__inner-container is-layout-flow wp-block-group-is-layout-flow\">\n<h2 class=\"pd-text has-white-color has-text-color wp-block-heading\">Misi\u00f3n<\/h2>\n\n\n\n<hr class=\"wp-block-separator has-text-color has-background has-white-background-color has-white-color is-style-wide\"\/>\n\n\n\n<p class=\"has-white-color has-text-color\" style=\"font-size:18px;font-style:italic;font-weight:500\">Somos una biblioteca infantil comprometida con la sociedad guatemalteca a trav\u00e9s de la pol\u00edtica de Extensi\u00f3n del Centro Universitario de Oriente, que promueve la lectura como un basti\u00f3n importante en la formaci\u00f3n de los ni\u00f1os y ni\u00f1as en edad escolar, para desarrollar la creatividad e imaginaci\u00f3n, mejorar la redacci\u00f3n, ortograf\u00eda y vocabulario, y con la intenci\u00f3n que conozcan la educaci\u00f3n superior y sue\u00f1en con estudiar cuando sean grandes.<\/p>\n<\/div><\/div>\n\n\n\n<div class=\"wp-block-group bordeCurvo mar-top has-background\" style=\"background-color:#2db132\"><div class=\"wp-block-group__inner-container is-layout-flow wp-block-group-is-layout-flow\">\n<h2 class=\"pd-text has-white-color has-text-color wp-block-heading\">Visi\u00f3n<\/h2>\n\n\n\n<hr class=\"wp-block-separator has-text-color has-background has-white-background-color has-white-color is-style-wide\"\/>\n\n\n\n<p class=\"has-white-color has-text-color\" style=\"font-size:18px;font-style:italic;font-weight:500\">Ser un espacio abierto, creativo y din\u00e1mico dentro del Centro Universitario de Oriente, que promueva el h\u00e1bito de lectura en ni\u00f1os y ni\u00f1as en edad escolar&nbsp;&nbsp; para contribuir a su desarrollo educativo integral.<\/p>\n<\/div><\/div>\n\n\n\n<div class=\"wp-block-group bordeCurvo mar-top has-background\" style=\"background-color:#dcb52a\"><div class=\"wp-block-group__inner-container is-layout-flow wp-block-group-is-layout-flow\">\n<h2 class=\"pd-text has-white-color has-text-color wp-block-heading\">Objetivo<\/h2>\n\n\n\n<hr class=\"wp-block-separator has-text-color has-background has-white-background-color has-white-color is-style-wide\"\/>\n\n\n\n<p class=\"has-white-color has-text-color\" style=\"font-size:18px;font-style:italic;font-weight:500\">Promover el h\u00e1bito de la lectura, a trav\u00e9s del desarrollo de actividades dirigidas a ni\u00f1os y ni\u00f1as de escuelas y colegios, del nivel primario y preprimario del municipio y departamento de Chiquimula.&nbsp;<\/p>\n\n\n\n<p class=\"has-white-color has-text-color\" style=\"font-size:18px;font-style:italic;font-weight:500\">Desarrollar en los ni\u00f1os y ni\u00f1as h\u00e1bitos de lectura para preparar personas con diferentes capacidades; adem\u00e1s, les servir\u00e1 para desarrollarse y dominar distintas \u00e1reas de estudio en las que se desenvuelvan en un futuro.<\/p>\n<\/div><\/div>\n\n\n\n<div class=\"wp-block-group bordeCurvo mar-top has-background\" style=\"background-color:#de9734\"><div class=\"wp-block-group__inner-container is-layout-flow wp-block-group-is-layout-flow\">\n<h2 class=\"pd-text has-white-color has-text-color wp-block-heading\">Quienes somos<\/h2>\n\n\n\n<hr class=\"wp-block-separator has-text-color has-background has-white-background-color has-white-color is-style-wide\"\/>\n\n\n\n<p class=\"has-white-color has-text-color\" style=\"font-size:18px;font-style:italic;font-weight:500\">El centro universitario de Oriente es un centro regional con sede en la ciudad de Chiquimula, en el oriente del pa\u00eds. Es una unidad acad\u00e9mica de la Universidad de San Carlos de Guatemala. La biblioteca infantil ubicada en las instalaciones del Centro Universitario de Oriente.<\/p>\n\n\n\n<p class=\"has-white-color has-text-color\" style=\"font-size:18px;font-style:italic;font-weight:500\">El proyecto de la Biblioteca Infantil surge debido a que varios usuarios asist\u00edan a la Biblioteca acompa\u00f1ados de sus hijos, por lo que se vio la oportunidad de abrir un espacio para los peque\u00f1os, ya que ellos preguntaban si se contaba con libros de cuentos; por tanto, las autoridades de Centro Universitario de Oriente y encargadas de la Biblioteca empezaron a recopilar diversidad de literatura infantil. Para el a\u00f1o 2014 una estudiante de la carrera de Pedagog\u00eda a trav\u00e9s de la realizaci\u00f3n del Ejercicio Profesional Supervisado (EPS) colabor\u00f3 en la iniciaci\u00f3n de la Biblioteca Infantil.<\/p>\n\n\n\n<p class=\"has-white-color has-text-color\" style=\"font-size:18px;font-style:italic;font-weight:500\">No fue hasta el a\u00f1o 2016, cuando la Biblioteca Infantil se ve fortalecida con la ejecuci\u00f3n del Ejercicio Profesional Supervisado (EPS) de una estudiante de la carrera de Pedagog\u00eda, por medio del trabajo de sistematizaci\u00f3n que se enfoc\u00f3 en el tema: \u201cEstrategias de lectura infantil en el nivel pre primario y primario en las Escuelas de Chiquimula, a trav\u00e9s de la utilizaci\u00f3n de la Biblioteca Infantil del Centro Universitario de Oriente\u201d, desarrollando actividades para propiciar el inicio de la lectura en los ni\u00f1os y ni\u00f1as y el amor por los libros desde temprana edad tales como: la hora del cuento, lecturas dirigidas, lecturas en silencio, hojas de trabajo, narraci\u00f3n de f\u00e1bulas, adivinanzas, dramatizaciones, juegos, cantos y din\u00e1micas.<\/p>\n\n\n\n<p class=\"has-white-color has-text-color\" style=\"font-size:18px;font-style:italic;font-weight:500\">Es importante mencionar que, desde ese a\u00f1o se ha logrado el funcionamiento de la Biblioteca Infantil. &nbsp;A partir del a\u00f1o 2020 hubo modificaciones en la planificaci\u00f3n y en las actividades, debido a la pandemia Covid-19 que afect\u00f3 al pa\u00eds. Las actividades presenciales se suspendieron, por lo que se inici\u00f3 con la modalidad virtual y actualmente se desarrollan de esta manera.<\/p>\n<\/div><\/div>\n","protected":false},"excerpt":{"rendered":"<p>Somos una biblioteca infantil comprometida con la sociedad guatemalteca a trav\u00e9s de pol\u00edtica de Extensi\u00f3n del Centro Universitario de Oriente Misi\u00f3n Somos una biblioteca infantil comprometida con la sociedad guatemalteca a trav\u00e9s de la pol\u00edtica de Extensi\u00f3n del Centro Universitario de Oriente, que promueve la lectura como un basti\u00f3n importante en la formaci\u00f3n de los&#8230;<\/p>\n","protected":false},"author":2,"featured_media":1292,"parent":0,"menu_order":0,"comment_status":"closed","ping_status":"closed","template":"","meta":{"_cloudinary_featured_overwrite":true,"footnotes":""},"class_list":["post-7","page","type-page","status-publish","has-post-thumbnail","hentry"],"_links":{"self":[{"href":"https:\/\/biblioteca-infantil.ingsistemascunori.org\/index.php?rest_route=\/wp\/v2\/pages\/7","targetHints":{"allow":["GET"]}}],"collection":[{"href":"https:\/\/biblioteca-infantil.ingsistemascunori.org\/index.php?rest_route=\/wp\/v2\/pages"}],"about":[{"href":"https:\/\/biblioteca-infantil.ingsistemascunori.org\/index.php?rest_route=\/wp\/v2\/types\/page"}],"author":[{"embeddable":true,"href":"https:\/\/biblioteca-infantil.ingsistemascunori.org\/index.php?rest_route=\/wp\/v2\/users\/2"}],"replies":[{"embeddable":true,"href":"https:\/\/biblioteca-infantil.ingsistemascunori.org\/index.php?rest_route=%2Fwp%2Fv2%2Fcomments&post=7"}],"version-history":[{"count":66,"href":"https:\/\/biblioteca-infantil.ingsistemascunori.org\/index.php?rest_route=\/wp\/v2\/pages\/7\/revisions"}],"predecessor-version":[{"id":1117,"href":"https:\/\/biblioteca-infantil.ingsistemascunori.org\/index.php?rest_route=\/wp\/v2\/pages\/7\/revisions\/1117"}],"wp:featuredmedia":[{"embeddable":true,"href":"https:\/\/biblioteca-infantil.ingsistemascunori.org\/index.php?rest_route=\/wp\/v2\/media\/1292"}],"wp:attachment":[{"href":"https:\/\/biblioteca-infantil.ingsistemascunori.org\/index.php?rest_route=%2Fwp%2Fv2%2Fmedia&parent=7"}],"curies":[{"name":"wp","href":"https:\/\/api.w.org\/{rel}","templated":true}]}}